{"id":295,"date":"2024-09-06T03:16:56","date_gmt":"2024-09-06T01:16:56","guid":{"rendered":"https:\/\/seguintra.meaning.mx\/?page_id=295"},"modified":"2024-09-09T21:31:19","modified_gmt":"2024-09-09T19:31:19","slug":"extintores","status":"publish","type":"page","link":"https:\/\/es.seguintra.com.mx\/ES\/?page_id=295","title":{"rendered":"Extintores"},"content":{"rendered":"\t\t<div data-elementor-type=\"wp-page\" data-elementor-id=\"295\" class=\"elementor elementor-295\" data-elementor-post-type=\"page\">\n\t\t\t\t<div class=\"elementor-element elementor-element-79537459 e-flex e-con-boxed e-con e-parent\" data-id=\"79537459\" data-element_type=\"container\" data-settings=\"{&quot;background_background&quot;:&quot;classic&quot;}\">\n\t\t\t\t\t<div class=\"e-con-inner\">\n\t\t\t\t<div class=\"elementor-element elementor-element-45600e3e elementor-hidden-desktop elementor-hidden-tablet elementor-hidden-mobile elementor-widget elementor-widget-text-editor\" data-id=\"45600e3e\" data-element_type=\"widget\" data-widget_type=\"text-editor.default\">\n\t\t\t\t<div class=\"elementor-widget-container\">\n\t\t\t\t\t\t\t<p><a href=\"#\">Home<\/a> &gt; About Us<\/p>\t\t\t\t\t\t<\/div>\n\t\t\t\t<\/div>\n\t\t\t\t\t<\/div>\n\t\t\t\t<\/div>\n\t\t<div class=\"elementor-element elementor-element-bcba40b e-flex e-con-boxed e-con e-parent\" data-id=\"bcba40b\" data-element_type=\"container\">\n\t\t\t\t\t<div class=\"e-con-inner\">\n\t\t<div class=\"elementor-element elementor-element-1ba37f09 animated-slow e-flex e-con-boxed elementor-invisible e-con e-child\" data-id=\"1ba37f09\" data-element_type=\"container\" data-settings=\"{&quot;animation&quot;:&quot;fadeInUp&quot;}\">\n\t\t\t\t\t<div class=\"e-con-inner\">\n\t\t\t\t<div class=\"elementor-element elementor-element-2620f385 elementor-widget elementor-widget-heading\" data-id=\"2620f385\" data-element_type=\"widget\" data-widget_type=\"heading.default\">\n\t\t\t\t<div class=\"elementor-widget-container\">\n\t\t\t<h6 class=\"elementor-heading-title elementor-size-default\">Seguintra<\/h6>\t\t<\/div>\n\t\t\t\t<\/div>\n\t\t\t\t<div class=\"elementor-element elementor-element-1c9648af elementor-widget elementor-widget-heading\" data-id=\"1c9648af\" data-element_type=\"widget\" data-widget_type=\"heading.default\">\n\t\t\t\t<div class=\"elementor-widget-container\">\n\t\t\t<h2 class=\"elementor-heading-title elementor-size-default\">Mantenimiento preventivo a extintores<\/h2>\t\t<\/div>\n\t\t\t\t<\/div>\n\t\t<div class=\"elementor-element elementor-element-199fec8c e-flex e-con-boxed e-con e-child\" data-id=\"199fec8c\" data-element_type=\"container\">\n\t\t\t\t\t<div class=\"e-con-inner\">\n\t\t\t\t<div class=\"elementor-element elementor-element-110d7749 elementor-widget elementor-widget-text-editor\" data-id=\"110d7749\" data-element_type=\"widget\" data-widget_type=\"text-editor.default\">\n\t\t\t\t<div class=\"elementor-widget-container\">\n\t\t\t\t\t\t\tSe debe realizar una vez al a\u00f1o. Es una revisi\u00f3n y limpieza externa e interna del cilindro, de la v\u00e1lvula y de los componentes del mecanismo de disparo. Se reemplazan los empaques para asegurar que la presi\u00f3n contenida no fugue, se reemplazan los discos de alivio de presi\u00f3n (co2) y se verifica la calibraci\u00f3n del man\u00f3metro (si tiene)\t\t\t\t\t\t<\/div>\n\t\t\t\t<\/div>\n\t\t<div class=\"elementor-element elementor-element-1d56d86b e-flex e-con-boxed e-con e-child\" data-id=\"1d56d86b\" data-element_type=\"container\">\n\t\t\t\t\t<div class=\"e-con-inner\">\n\t\t\t\t<div class=\"elementor-element elementor-element-5b1fb50b elementor-widget elementor-widget-button\" data-id=\"5b1fb50b\" data-element_type=\"widget\" data-widget_type=\"button.default\">\n\t\t\t\t<div class=\"elementor-widget-container\">\n\t\t\t\t\t<div class=\"elementor-button-wrapper\">\n\t\t\t<a class=\"elementor-button elementor-button-link elementor-size-sm elementor-animation-grow\" href=\"#\">\n\t\t\t\t\t\t<span class=\"elementor-button-content-wrapper\">\n\t\t\t\t\t\t\t\t\t<span class=\"elementor-button-text\">Contact\u00e1nos<\/span>\n\t\t\t\t\t<\/span>\n\t\t\t\t\t<\/a>\n\t\t<\/div>\n\t\t\t\t<\/div>\n\t\t\t\t<\/div>\n\t\t\t\t\t<\/div>\n\t\t\t\t<\/div>\n\t\t\t\t\t<\/div>\n\t\t\t\t<\/div>\n\t\t\t\t\t<\/div>\n\t\t\t\t<\/div>\n\t\t<div class=\"elementor-element elementor-element-5d629ea5 e-flex e-con-boxed e-con e-child\" data-id=\"5d629ea5\" data-element_type=\"container\">\n\t\t\t\t\t<div class=\"e-con-inner\">\n\t\t<div class=\"elementor-element elementor-element-3e488e1e e-con-full e-transform elementor-hidden-desktop elementor-hidden-tablet elementor-hidden-mobile e-flex e-con e-child\" data-id=\"3e488e1e\" data-element_type=\"container\" data-settings=\"{&quot;background_background&quot;:&quot;classic&quot;,&quot;_transform_rotateZ_effect&quot;:{&quot;unit&quot;:&quot;px&quot;,&quot;size&quot;:-90,&quot;sizes&quot;:[]},&quot;_transform_rotateZ_effect_tablet&quot;:{&quot;unit&quot;:&quot;deg&quot;,&quot;size&quot;:&quot;&quot;,&quot;sizes&quot;:[]},&quot;_transform_rotateZ_effect_mobile&quot;:{&quot;unit&quot;:&quot;deg&quot;,&quot;size&quot;:&quot;&quot;,&quot;sizes&quot;:[]}}\">\n\t\t\t\t<div class=\"elementor-element elementor-element-6363e191 elementor-widget elementor-widget-heading\" data-id=\"6363e191\" data-element_type=\"widget\" data-widget_type=\"heading.default\">\n\t\t\t\t<div class=\"elementor-widget-container\">\n\t\t\t<h5 class=\"elementor-heading-title elementor-size-default\">10+ Years of experiance<\/h5>\t\t<\/div>\n\t\t\t\t<\/div>\n\t\t\t\t<\/div>\n\t\t\t\t<div class=\"elementor-element elementor-element-77bff7b4 elementor-widget elementor-widget-image\" data-id=\"77bff7b4\" data-element_type=\"widget\" data-widget_type=\"image.default\">\n\t\t\t\t<div class=\"elementor-widget-container\">\n\t\t\t\t\t\t\t\t\t\t\t\t\t<img fetchpriority=\"high\" decoding=\"async\" width=\"1600\" height=\"1071\" src=\"https:\/\/es.seguintra.com.mx\/ES\/wp-content\/uploads\/2024\/09\/wndz0uscb5a.jpg\" class=\"attachment-full size-full wp-image-600\" alt=\"four fire extinguishers lined up against a green wall\" srcset=\"https:\/\/es.seguintra.com.mx\/ES\/wp-content\/uploads\/2024\/09\/wndz0uscb5a.jpg 1600w, https:\/\/es.seguintra.com.mx\/ES\/wp-content\/uploads\/2024\/09\/wndz0uscb5a-1536x1028.jpg 1536w\" sizes=\"(max-width: 1600px) 100vw, 1600px\" \/>\t\t\t\t\t\t\t\t\t\t\t\t\t<\/div>\n\t\t\t\t<\/div>\n\t\t\t\t\t<\/div>\n\t\t\t\t<\/div>\n\t\t\t\t\t<\/div>\n\t\t\t\t<\/div>\n\t\t<div class=\"elementor-element elementor-element-a2f7e50 e-flex e-con-boxed e-con e-parent\" data-id=\"a2f7e50\" data-element_type=\"container\">\n\t\t\t\t\t<div class=\"e-con-inner\">\n\t\t<div class=\"elementor-element elementor-element-2b6e1b2 e-flex e-con-boxed e-con e-child\" data-id=\"2b6e1b2\" data-element_type=\"container\">\n\t\t\t\t\t<div class=\"e-con-inner\">\n\t\t<div class=\"elementor-element elementor-element-e657de5 e-con-full e-transform elementor-hidden-desktop elementor-hidden-tablet elementor-hidden-mobile e-flex e-con e-child\" data-id=\"e657de5\" data-element_type=\"container\" data-settings=\"{&quot;background_background&quot;:&quot;classic&quot;,&quot;_transform_rotateZ_effect&quot;:{&quot;unit&quot;:&quot;px&quot;,&quot;size&quot;:-90,&quot;sizes&quot;:[]},&quot;_transform_rotateZ_effect_tablet&quot;:{&quot;unit&quot;:&quot;deg&quot;,&quot;size&quot;:&quot;&quot;,&quot;sizes&quot;:[]},&quot;_transform_rotateZ_effect_mobile&quot;:{&quot;unit&quot;:&quot;deg&quot;,&quot;size&quot;:&quot;&quot;,&quot;sizes&quot;:[]}}\">\n\t\t\t\t<div class=\"elementor-element elementor-element-c7c49c1 elementor-widget elementor-widget-heading\" data-id=\"c7c49c1\" data-element_type=\"widget\" data-widget_type=\"heading.default\">\n\t\t\t\t<div class=\"elementor-widget-container\">\n\t\t\t<h5 class=\"elementor-heading-title elementor-size-default\">10+ Years of experiance<\/h5>\t\t<\/div>\n\t\t\t\t<\/div>\n\t\t\t\t<\/div>\n\t\t\t\t<div class=\"elementor-element elementor-element-7a2a62b elementor-widget elementor-widget-image\" data-id=\"7a2a62b\" data-element_type=\"widget\" data-widget_type=\"image.default\">\n\t\t\t\t<div class=\"elementor-widget-container\">\n\t\t\t\t\t\t\t\t\t\t\t\t\t<img decoding=\"async\" width=\"1600\" height=\"1067\" src=\"https:\/\/es.seguintra.com.mx\/ES\/wp-content\/uploads\/2024\/09\/loca-0lgqc.jpg\" class=\"attachment-full size-full wp-image-601\" alt=\"red fire extinguisher mounted on wall\" srcset=\"https:\/\/es.seguintra.com.mx\/ES\/wp-content\/uploads\/2024\/09\/loca-0lgqc.jpg 1600w, https:\/\/es.seguintra.com.mx\/ES\/wp-content\/uploads\/2024\/09\/loca-0lgqc-1536x1024.jpg 1536w\" sizes=\"(max-width: 1600px) 100vw, 1600px\" \/>\t\t\t\t\t\t\t\t\t\t\t\t\t<\/div>\n\t\t\t\t<\/div>\n\t\t\t\t\t<\/div>\n\t\t\t\t<\/div>\n\t\t<div class=\"elementor-element elementor-element-1291bfa animated-slow e-con-full e-flex elementor-invisible e-con e-child\" data-id=\"1291bfa\" data-element_type=\"container\" data-settings=\"{&quot;animation&quot;:&quot;fadeInUp&quot;}\">\n\t\t\t\t<div class=\"elementor-element elementor-element-28b8193 elementor-widget elementor-widget-heading\" data-id=\"28b8193\" data-element_type=\"widget\" data-widget_type=\"heading.default\">\n\t\t\t\t<div class=\"elementor-widget-container\">\n\t\t\t<h6 class=\"elementor-heading-title elementor-size-default\">Seguintra<\/h6>\t\t<\/div>\n\t\t\t\t<\/div>\n\t\t\t\t<div class=\"elementor-element elementor-element-24abd83 elementor-widget elementor-widget-heading\" data-id=\"24abd83\" data-element_type=\"widget\" data-widget_type=\"heading.default\">\n\t\t\t\t<div class=\"elementor-widget-container\">\n\t\t\t<h2 class=\"elementor-heading-title elementor-size-default\">Recarga de todo tipo de agente extinguidor<\/h2>\t\t<\/div>\n\t\t\t\t<\/div>\n\t\t<div class=\"elementor-element elementor-element-8eec870 e-flex e-con-boxed e-con e-child\" data-id=\"8eec870\" data-element_type=\"container\">\n\t\t\t\t\t<div class=\"e-con-inner\">\n\t\t\t\t<div class=\"elementor-element elementor-element-0347f75 elementor-widget elementor-widget-text-editor\" data-id=\"0347f75\" data-element_type=\"widget\" data-widget_type=\"text-editor.default\">\n\t\t\t\t<div class=\"elementor-widget-container\">\n\t\t\t\t\t\t\tAdem\u00e1s de la revisi\u00f3n completa del extintor que se realiza en el mantenimiento, se recarga el equipo con agente extinguidor nuevo y certificado.\t\t\t\t\t\t<\/div>\n\t\t\t\t<\/div>\n\t\t<div class=\"elementor-element elementor-element-65fb1cf e-con-full e-flex e-con e-child\" data-id=\"65fb1cf\" data-element_type=\"container\">\n\t\t<div class=\"elementor-element elementor-element-10e498a e-con-full e-flex e-con e-child\" data-id=\"10e498a\" data-element_type=\"container\">\n\t\t\t\t<div class=\"elementor-element elementor-element-7860498 elementor-widget__width-auto elementor-widget elementor-widget-image\" data-id=\"7860498\" data-element_type=\"widget\" data-widget_type=\"image.default\">\n\t\t\t\t<div class=\"elementor-widget-container\">\n\t\t\t\t\t\t\t\t\t\t\t\t\t<img decoding=\"async\" width=\"104\" height=\"96\" src=\"https:\/\/es.seguintra.com.mx\/ES\/wp-content\/uploads\/2024\/09\/ExtRojo.jpg\" class=\"attachment-large size-large wp-image-307\" alt=\"\" \/>\t\t\t\t\t\t\t\t\t\t\t\t\t<\/div>\n\t\t\t\t<\/div>\n\t\t\t\t<\/div>\n\t\t<div class=\"elementor-element elementor-element-9cd2edb e-con-full e-flex e-con e-child\" data-id=\"9cd2edb\" data-element_type=\"container\">\n\t\t\t\t<div class=\"elementor-element elementor-element-addadcc elementor-widget__width-auto elementor-widget elementor-widget-image\" data-id=\"addadcc\" data-element_type=\"widget\" data-widget_type=\"image.default\">\n\t\t\t\t<div class=\"elementor-widget-container\">\n\t\t\t\t\t\t\t\t\t\t\t\t\t<img loading=\"lazy\" decoding=\"async\" width=\"104\" height=\"96\" src=\"https:\/\/es.seguintra.com.mx\/ES\/wp-content\/uploads\/2024\/09\/ExtNegro.jpg\" class=\"attachment-large size-large wp-image-310\" alt=\"\" \/>\t\t\t\t\t\t\t\t\t\t\t\t\t<\/div>\n\t\t\t\t<\/div>\n\t\t\t\t<\/div>\n\t\t<div class=\"elementor-element elementor-element-9189772 e-con-full e-flex e-con e-child\" data-id=\"9189772\" data-element_type=\"container\">\n\t\t\t\t<div class=\"elementor-element elementor-element-0d4ef88 elementor-widget__width-auto elementor-widget elementor-widget-image\" data-id=\"0d4ef88\" data-element_type=\"widget\" data-widget_type=\"image.default\">\n\t\t\t\t<div class=\"elementor-widget-container\">\n\t\t\t\t\t\t\t\t\t\t\t\t\t<img loading=\"lazy\" decoding=\"async\" width=\"104\" height=\"96\" src=\"https:\/\/es.seguintra.com.mx\/ES\/wp-content\/uploads\/2024\/09\/ExtAzul.jpg\" class=\"attachment-large size-large wp-image-309\" alt=\"\" \/>\t\t\t\t\t\t\t\t\t\t\t\t\t<\/div>\n\t\t\t\t<\/div>\n\t\t\t\t<\/div>\n\t\t<div class=\"elementor-element elementor-element-e803aa3 e-con-full e-flex e-con e-child\" data-id=\"e803aa3\" data-element_type=\"container\">\n\t\t\t\t<div class=\"elementor-element elementor-element-dfd2629 elementor-widget__width-auto elementor-widget elementor-widget-image\" data-id=\"dfd2629\" data-element_type=\"widget\" data-widget_type=\"image.default\">\n\t\t\t\t<div class=\"elementor-widget-container\">\n\t\t\t\t\t\t\t\t\t\t\t\t\t<img loading=\"lazy\" decoding=\"async\" width=\"104\" height=\"96\" src=\"https:\/\/es.seguintra.com.mx\/ES\/wp-content\/uploads\/2024\/09\/ExtVerde.jpg\" class=\"attachment-large size-large wp-image-311\" alt=\"\" \/>\t\t\t\t\t\t\t\t\t\t\t\t\t<\/div>\n\t\t\t\t<\/div>\n\t\t\t\t<\/div>\n\t\t<div class=\"elementor-element elementor-element-d6ffae7 e-con-full e-flex e-con e-child\" data-id=\"d6ffae7\" data-element_type=\"container\">\n\t\t\t\t<div class=\"elementor-element elementor-element-0905a78 elementor-widget__width-auto elementor-widget elementor-widget-image\" data-id=\"0905a78\" data-element_type=\"widget\" data-widget_type=\"image.default\">\n\t\t\t\t<div class=\"elementor-widget-container\">\n\t\t\t\t\t\t\t\t\t\t\t\t\t<img loading=\"lazy\" decoding=\"async\" width=\"104\" height=\"96\" src=\"https:\/\/es.seguintra.com.mx\/ES\/wp-content\/uploads\/2024\/09\/ExtAmarillo.jpg\" class=\"attachment-large size-large wp-image-308\" alt=\"\" \/>\t\t\t\t\t\t\t\t\t\t\t\t\t<\/div>\n\t\t\t\t<\/div>\n\t\t\t\t<\/div>\n\t\t\t\t<\/div>\n\t\t\t\t\t<\/div>\n\t\t\t\t<\/div>\n\t\t\t\t<\/div>\n\t\t\t\t\t<\/div>\n\t\t\t\t<\/div>\n\t\t<div class=\"elementor-element elementor-element-774b01b9 e-flex e-con-boxed e-con e-parent\" data-id=\"774b01b9\" data-element_type=\"container\" data-settings=\"{&quot;background_background&quot;:&quot;classic&quot;}\">\n\t\t\t\t\t<div class=\"e-con-inner\">\n\t\t<div class=\"elementor-element elementor-element-c68df35 e-con-full e-flex e-con e-child\" data-id=\"c68df35\" data-element_type=\"container\">\n\t\t\t\t<div class=\"elementor-element elementor-element-fe3b7b1 elementor-widget elementor-widget-heading\" data-id=\"fe3b7b1\" data-element_type=\"widget\" data-widget_type=\"heading.default\">\n\t\t\t\t<div class=\"elementor-widget-container\">\n\t\t\t<h3 class=\"elementor-heading-title elementor-size-default\">Recubrimiento de pintura de los extintores<\/h3>\t\t<\/div>\n\t\t\t\t<\/div>\n\t\t\t\t<div class=\"elementor-element elementor-element-0bb71b9 elementor-widget elementor-widget-text-editor\" data-id=\"0bb71b9\" data-element_type=\"widget\" data-widget_type=\"text-editor.default\">\n\t\t\t\t<div class=\"elementor-widget-container\">\n\t\t\t\t\t\t\tLos extintores son parte del mobiliario de vista de nuestros clientes y entendemos la importancia de su est\u00e9tica; por ello la ofrecemos el recubrimiento de pintura de los cilindros para que luzcan siempre como nuevos.\t\t\t\t\t\t<\/div>\n\t\t\t\t<\/div>\n\t\t\t\t<\/div>\n\t\t<div class=\"elementor-element elementor-element-36fc9ff e-con-full e-flex e-con e-child\" data-id=\"36fc9ff\" data-element_type=\"container\">\n\t\t\t\t<div class=\"elementor-element elementor-element-1c07cb0 elementor-widget elementor-widget-heading\" data-id=\"1c07cb0\" data-element_type=\"widget\" data-widget_type=\"heading.default\">\n\t\t\t\t<div class=\"elementor-widget-container\">\n\t\t\t<h3 class=\"elementor-heading-title elementor-size-default\">Prueba hidrost\u00e1tica a los cilindros<\/h3>\t\t<\/div>\n\t\t\t\t<\/div>\n\t\t\t\t<div class=\"elementor-element elementor-element-d87d92d elementor-widget elementor-widget-text-editor\" data-id=\"d87d92d\" data-element_type=\"widget\" data-widget_type=\"text-editor.default\">\n\t\t\t\t<div class=\"elementor-widget-container\">\n\t\t\t\t\t\t\tPor norma los extintores se deben someter a sobre presi\u00f3n interna para verificar su resistencia mec\u00e1nica y evitar fallos inesperados mientras se encuentran en servicio.\n\t\t\t\t\t\t<\/div>\n\t\t\t\t<\/div>\n\t\t\t\t<\/div>\n\t\t\t\t\t<\/div>\n\t\t\t\t<\/div>\n\t\t<div class=\"elementor-element elementor-element-4ce0ae0a e-con-full e-flex e-con e-parent\" data-id=\"4ce0ae0a\" data-element_type=\"container\" data-settings=\"{&quot;background_background&quot;:&quot;classic&quot;}\">\n\t\t<div class=\"elementor-element elementor-element-56feeef3 e-con-full e-flex e-con e-child\" data-id=\"56feeef3\" data-element_type=\"container\" data-settings=\"{&quot;background_background&quot;:&quot;classic&quot;}\">\n\t\t<div class=\"elementor-element elementor-element-39ee6c74 e-con-full e-flex e-con e-child\" data-id=\"39ee6c74\" data-element_type=\"container\">\n\t\t\t\t<div class=\"elementor-element elementor-element-44d87e4e elementor-widget elementor-widget-image\" data-id=\"44d87e4e\" data-element_type=\"widget\" data-widget_type=\"image.default\">\n\t\t\t\t<div class=\"elementor-widget-container\">\n\t\t\t\t\t\t\t\t\t\t\t\t\t<img loading=\"lazy\" decoding=\"async\" width=\"1500\" height=\"934\" src=\"https:\/\/es.seguintra.com.mx\/ES\/wp-content\/uploads\/2024\/09\/extintores_bg.jpg\" class=\"attachment-full size-full wp-image-340\" alt=\"\" \/>\t\t\t\t\t\t\t\t\t\t\t\t\t<\/div>\n\t\t\t\t<\/div>\n\t\t\t\t<\/div>\n\t\t<div class=\"elementor-element elementor-element-7adadd17 e-flex e-con-boxed e-con e-child\" data-id=\"7adadd17\" data-element_type=\"container\">\n\t\t\t\t\t<div class=\"e-con-inner\">\n\t\t<div class=\"elementor-element elementor-element-6bdfcc79 e-con-full animated-slow e-flex elementor-invisible e-con e-child\" data-id=\"6bdfcc79\" data-element_type=\"container\" data-settings=\"{&quot;animation&quot;:&quot;fadeInUp&quot;}\">\n\t\t\t\t<div class=\"elementor-element elementor-element-43642c84 elementor-widget elementor-widget-heading\" data-id=\"43642c84\" data-element_type=\"widget\" data-widget_type=\"heading.default\">\n\t\t\t\t<div class=\"elementor-widget-container\">\n\t\t\t<h2 class=\"elementor-heading-title elementor-size-default\">Cumplimiento con normas oficiales mexicanas<\/h2>\t\t<\/div>\n\t\t\t\t<\/div>\n\t\t\t\t<div class=\"elementor-element elementor-element-65912406 elementor-widget elementor-widget-text-editor\" data-id=\"65912406\" data-element_type=\"widget\" data-widget_type=\"text-editor.default\">\n\t\t\t\t<div class=\"elementor-widget-container\">\n\t\t\t\t\t\t\tNuestros servicios y productos cumplen con los requerimientos de las NOM aplicables y de Protecci\u00f3n Civil\t\t\t\t\t\t<\/div>\n\t\t\t\t<\/div>\n\t\t\t\t<div class=\"elementor-element elementor-element-3e8381f elementor-widget elementor-widget-heading\" data-id=\"3e8381f\" data-element_type=\"widget\" data-widget_type=\"heading.default\">\n\t\t\t\t<div class=\"elementor-widget-container\">\n\t\t\t<h2 class=\"elementor-heading-title elementor-size-default\">Empresa certificada con dictamen vigente<\/h2>\t\t<\/div>\n\t\t\t\t<\/div>\n\t\t\t\t<div class=\"elementor-element elementor-element-356c606 elementor-widget elementor-widget-text-editor\" data-id=\"356c606\" data-element_type=\"widget\" data-widget_type=\"text-editor.default\">\n\t\t\t\t<div class=\"elementor-widget-container\">\n\t\t\t\t\t\t\tTodo nuestro personal y taller est\u00e1 entrenado, evaluado y calificado para asegurar el cumplimiento con la normatividad en sus equipos e instalaciones.\t\t\t\t\t\t<\/div>\n\t\t\t\t<\/div>\n\t\t\t\t<\/div>\n\t\t\t\t\t<\/div>\n\t\t\t\t<\/div>\n\t\t\t\t<\/div>\n\t\t\t\t<\/div>\n\t\t<div class=\"elementor-element elementor-element-8ef234e e-flex e-con-boxed e-con e-parent\" data-id=\"8ef234e\" data-element_type=\"container\" data-settings=\"{&quot;background_background&quot;:&quot;classic&quot;}\">\n\t\t\t\t\t<div class=\"e-con-inner\">\n\t\t<div class=\"elementor-element elementor-element-b72dbbc e-con-full e-flex e-con e-child\" data-id=\"b72dbbc\" data-element_type=\"container\">\n\t\t\t\t<div class=\"elementor-element elementor-element-3bd57a0 elementor-widget elementor-widget-heading\" data-id=\"3bd57a0\" data-element_type=\"widget\" data-widget_type=\"heading.default\">\n\t\t\t\t<div class=\"elementor-widget-container\">\n\t\t\t<h2 class=\"elementor-heading-title elementor-size-default\">Conoce a nuestros<br> clientes <\/h2>\t\t<\/div>\n\t\t\t\t<\/div>\n\t\t\t\t<div class=\"elementor-element elementor-element-3f70296 elementor-arrows-position-inside elementor-widget elementor-widget-image-carousel\" data-id=\"3f70296\" data-element_type=\"widget\" data-settings=\"{&quot;navigation&quot;:&quot;arrows&quot;,&quot;slides_to_show&quot;:&quot;3&quot;,&quot;autoplay&quot;:&quot;yes&quot;,&quot;pause_on_hover&quot;:&quot;yes&quot;,&quot;pause_on_interaction&quot;:&quot;yes&quot;,&quot;autoplay_speed&quot;:5000,&quot;infinite&quot;:&quot;yes&quot;,&quot;speed&quot;:500}\" data-widget_type=\"image-carousel.default\">\n\t\t\t\t<div class=\"elementor-widget-container\">\n\t\t\t\t\t<div class=\"elementor-image-carousel-wrapper swiper\" dir=\"ltr\">\n\t\t\t<div class=\"elementor-image-carousel swiper-wrapper\" aria-live=\"off\">\n\t\t\t\t\t\t\t\t<div class=\"swiper-slide\" role=\"group\" aria-roledescription=\"slide\" aria-label=\"1 de 6\"><figure class=\"swiper-slide-inner\"><img decoding=\"async\" class=\"swiper-slide-image\" src=\"https:\/\/es.seguintra.com.mx\/ES\/wp-content\/uploads\/2024\/08\/logo_pintumex.png\" alt=\"logo_pintumex\" \/><\/figure><\/div><div class=\"swiper-slide\" role=\"group\" aria-roledescription=\"slide\" aria-label=\"2 de 6\"><figure class=\"swiper-slide-inner\"><img decoding=\"async\" class=\"swiper-slide-image\" src=\"https:\/\/es.seguintra.com.mx\/ES\/wp-content\/uploads\/2024\/08\/logo-safari.png\" alt=\"logo-safari\" \/><\/figure><\/div><div class=\"swiper-slide\" role=\"group\" aria-roledescription=\"slide\" aria-label=\"3 de 6\"><figure class=\"swiper-slide-inner\"><img decoding=\"async\" class=\"swiper-slide-image\" src=\"https:\/\/es.seguintra.com.mx\/ES\/wp-content\/uploads\/2024\/08\/ford_logo.png\" alt=\"ford_logo\" \/><\/figure><\/div><div class=\"swiper-slide\" role=\"group\" aria-roledescription=\"slide\" aria-label=\"4 de 6\"><figure class=\"swiper-slide-inner\"><img decoding=\"async\" class=\"swiper-slide-image\" src=\"https:\/\/es.seguintra.com.mx\/ES\/wp-content\/uploads\/2024\/08\/simi_logo.png\" alt=\"simi_logo\" \/><\/figure><\/div><div class=\"swiper-slide\" role=\"group\" aria-roledescription=\"slide\" aria-label=\"5 de 6\"><figure class=\"swiper-slide-inner\"><img decoding=\"async\" class=\"swiper-slide-image\" src=\"https:\/\/es.seguintra.com.mx\/ES\/wp-content\/uploads\/2024\/09\/tec_mty_logo.png\" alt=\"tec_mty_logo\" \/><\/figure><\/div><div class=\"swiper-slide\" role=\"group\" aria-roledescription=\"slide\" aria-label=\"6 de 6\"><figure class=\"swiper-slide-inner\"><img decoding=\"async\" class=\"swiper-slide-image\" src=\"https:\/\/es.seguintra.com.mx\/ES\/wp-content\/uploads\/2024\/09\/udlap_logo.png\" alt=\"udlap_logo\" \/><\/figure><\/div>\t\t\t<\/div>\n\t\t\t\t\t\t\t\t\t\t\t\t<div class=\"elementor-swiper-button elementor-swiper-button-prev\" role=\"button\" tabindex=\"0\">\n\t\t\t\t\t\t<svg aria-hidden=\"true\" class=\"e-font-icon-svg e-eicon-chevron-left\" viewBox=\"0 0 1000 1000\" xmlns=\"http:\/\/www.w3.org\/2000\/svg\"><path d=\"M646 125C629 125 613 133 604 142L308 442C296 454 292 471 292 487 292 504 296 521 308 533L604 854C617 867 629 875 646 875 663 875 679 871 692 858 704 846 713 829 713 812 713 796 708 779 692 767L438 487 692 225C700 217 708 204 708 187 708 171 704 154 692 142 675 129 663 125 646 125Z\"><\/path><\/svg>\t\t\t\t\t<\/div>\n\t\t\t\t\t<div class=\"elementor-swiper-button elementor-swiper-button-next\" role=\"button\" tabindex=\"0\">\n\t\t\t\t\t\t<svg aria-hidden=\"true\" class=\"e-font-icon-svg e-eicon-chevron-right\" viewBox=\"0 0 1000 1000\" xmlns=\"http:\/\/www.w3.org\/2000\/svg\"><path d=\"M696 533C708 521 713 504 713 487 713 471 708 454 696 446L400 146C388 133 375 125 354 125 338 125 325 129 313 142 300 154 292 171 292 187 292 204 296 221 308 233L563 492 304 771C292 783 288 800 288 817 288 833 296 850 308 863 321 871 338 875 354 875 371 875 388 867 400 854L696 533Z\"><\/path><\/svg>\t\t\t\t\t<\/div>\n\t\t\t\t\n\t\t\t\t\t\t\t\t\t<\/div>\n\t\t\t\t<\/div>\n\t\t\t\t<\/div>\n\t\t\t\t<\/div>\n\t\t\t\t\t<\/div>\n\t\t\t\t<\/div>\n\t\t\t\t<\/div>\n\t\t","protected":false},"excerpt":{"rendered":"<p>Home &gt; About Us Seguintra Mantenimiento preventivo a extintores Se debe realizar una vez al a\u00f1o. Es una revisi\u00f3n y limpieza externa e interna del cilindro, de la v\u00e1lvula y de los componentes del mecanismo de disparo. Se reemplazan los empaques para asegurar que la presi\u00f3n contenida no fugue, se reemplazan los discos de alivio [&hellip;]<\/p>\n","protected":false},"author":1,"featured_media":0,"parent":0,"menu_order":0,"comment_status":"closed","ping_status":"closed","template":"templates\/page-builder-content.php","meta":{"footnotes":""},"class_list":["post-295","page","type-page","status-publish","hentry"],"_links":{"self":[{"href":"https:\/\/es.seguintra.com.mx\/ES\/index.php?rest_route=\/wp\/v2\/pages\/295"}],"collection":[{"href":"https:\/\/es.seguintra.com.mx\/ES\/index.php?rest_route=\/wp\/v2\/pages"}],"about":[{"href":"https:\/\/es.seguintra.com.mx\/ES\/index.php?rest_route=\/wp\/v2\/types\/page"}],"author":[{"embeddable":true,"href":"https:\/\/es.seguintra.com.mx\/ES\/index.php?rest_route=\/wp\/v2\/users\/1"}],"replies":[{"embeddable":true,"href":"https:\/\/es.seguintra.com.mx\/ES\/index.php?rest_route=%2Fwp%2Fv2%2Fcomments&post=295"}],"version-history":[{"count":19,"href":"https:\/\/es.seguintra.com.mx\/ES\/index.php?rest_route=\/wp\/v2\/pages\/295\/revisions"}],"predecessor-version":[{"id":624,"href":"https:\/\/es.seguintra.com.mx\/ES\/index.php?rest_route=\/wp\/v2\/pages\/295\/revisions\/624"}],"wp:attachment":[{"href":"https:\/\/es.seguintra.com.mx\/ES\/index.php?rest_route=%2Fwp%2Fv2%2Fmedia&parent=295"}],"curies":[{"name":"wp","href":"https:\/\/api.w.org\/{rel}","templated":true}]}}